{"id":3,"date":"2022-08-15T20:36:44","date_gmt":"2022-08-15T20:36:44","guid":{"rendered":"https:\/\/www.cemep.com.ar\/clinica\/?page_id=3"},"modified":"2024-01-12T07:10:30","modified_gmt":"2024-01-12T07:10:30","slug":"politicas-de-privacidad","status":"publish","type":"page","link":"https:\/\/www.cemep.com.ar\/clinica\/politicas-de-privacidad\/","title":{"rendered":"Pol\u00edticas de Privacidad"},"content":{"rendered":"<div data-colibri-id=\"3-c1\" class=\"style-1995 style-local-3-c1 position-relative\">\n  <!---->\n  <div data-colibri-component=\"section\" data-colibri-id=\"3-c25\" id=\"reusable-sections\" class=\"h-section h-section-global-spacing d-flex align-items-lg-center align-items-md-center align-items-center style-2196 style-local-3-c25 position-relative\">\n    <div class=\"background-wrapper\">\n      <div class=\"background-layer background-layer-media-container-lg\">\n        <!---->\n      <\/div>\n      <div class=\"background-layer background-layer-media-container-md\">\n        <!---->\n        <div class=\"overlay-layer\">\n          <div class=\"overlay-image-layer\" style=\"background-color: rgb(39, 71, 125); opacity: 0.5;\"><\/div>\n        <\/div>\n      <\/div>\n      <div class=\"background-layer background-layer-media-container\">\n        <!---->\n        <div class=\"overlay-layer\">\n          <div class=\"overlay-image-layer\" style=\"background-color: rgb(39, 71, 125); opacity: 0.5;\"><\/div>\n        <\/div>\n      <\/div>\n    <\/div>\n    <!---->\n    <div class=\"h-section-grid-container h-section-boxed-container\">\n      <!---->\n      <div data-colibri-id=\"3-c26\" class=\"h-row-container gutters-row-lg-2 gutters-row-md-2 gutters-row-0 gutters-row-v-lg-2 gutters-row-v-md-2 gutters-row-v-2 style-2197 style-local-3-c26 position-relative\">\n        <!---->\n        <div class=\"h-row justify-content-lg-center justify-content-md-center justify-content-center align-items-lg-stretch align-items-md-stretch align-items-stretch gutters-col-lg-2 gutters-col-md-2 gutters-col-0 gutters-col-v-lg-2 gutters-col-v-md-2 gutters-col-v-2\">\n          <!---->\n          <div class=\"h-column h-column-container d-flex h-col-lg-auto h-col-md-auto h-col-auto style-2198-outer style-local-3-c27-outer\">\n            <div data-colibri-id=\"3-c27\" class=\"d-flex h-flex-basis h-column__inner h-px-lg-2 h-px-md-2 h-px-2 v-inner-lg-2 v-inner-md-2 v-inner-2 style-2198 style-local-3-c27 position-relative\">\n              <!---->\n              <!---->\n              <div class=\"w-100 h-y-container h-column__content h-column__v-align flex-basis-100 align-self-lg-start align-self-md-start align-self-start\">\n                <!---->\n                <div data-colibri-id=\"3-c29\" class=\"h-global-transition-all h-heading style-2200 style-local-3-c29 position-relative h-element\">\n                  <!---->\n                  <div class=\"h-heading__outer style-2200 style-local-3-c29\">\n                    <!---->\n                    <!---->\n                    <h1 class=\"\">Pol\u00edticas de\n                      <br>Privacidad<\/h1>\n                  <\/div>\n                <\/div>\n              <\/div>\n            <\/div>\n          <\/div>\n        <\/div>\n      <\/div>\n    <\/div>\n  <\/div>\n  <div data-colibri-component=\"section\" data-colibri-id=\"3-c2\" id=\"blank\" class=\"h-section h-section-global-spacing d-flex align-items-lg-center align-items-md-center align-items-center style-2000 style-local-3-c2 position-relative\">\n    <!---->\n    <!---->\n    <div class=\"h-section-grid-container h-section-boxed-container\">\n      <!---->\n      <div data-colibri-id=\"3-c3\" class=\"h-row-container gutters-row-lg-2 gutters-row-md-2 gutters-row-0 gutters-row-v-lg-2 gutters-row-v-md-2 gutters-row-v-2 style-2008 style-local-3-c3 position-relative\">\n        <!---->\n        <div class=\"h-row justify-content-lg-center justify-content-md-center justify-content-center align-items-lg-stretch align-items-md-stretch align-items-stretch gutters-col-lg-2 gutters-col-md-2 gutters-col-0 gutters-col-v-lg-2 gutters-col-v-md-2 gutters-col-v-2\">\n          <!---->\n          <div class=\"h-column h-column-container d-flex h-col-lg-auto h-col-md-auto h-col-auto style-2009-outer style-local-3-c4-outer\">\n            <div data-colibri-id=\"3-c4\" class=\"d-flex h-flex-basis h-column__inner h-px-lg-2 h-px-md-2 h-px-2 v-inner-lg-2 v-inner-md-2 v-inner-2 style-2009 style-local-3-c4 position-relative\">\n              <!---->\n              <!---->\n              <div class=\"w-100 h-y-container h-column__content h-column__v-align flex-basis-100 align-self-lg-start align-self-md-start align-self-start\">\n                <!---->\n                <div data-colibri-id=\"3-c5\" class=\"h-text h-text-component style-2011 style-local-3-c5 position-relative h-element\">\n                  <!---->\n                  <!---->\n                  <div class=\"\">\n                    <p>El presente Pol\u00edtica de Privacidad establece los t\u00e9rminos en que Cl\u00ednica Cemep usa y protege la informaci\u00f3n que es proporcionada por sus usuarios al momento de utilizar su sitio web. Esta compa\u00f1\u00eda est\u00e1 comprometida con la seguridad\n                      de los datos de sus usuarios. Cuando le pedimos llenar los campos de informaci\u00f3n personal con la cual usted pueda ser identificado, lo hacemos asegurando que s\u00f3lo se emplear\u00e1 de acuerdo con los t\u00e9rminos de este documento. Sin embargo\n                      esta Pol\u00edtica de Privacidad puede cambiar con el tiempo o ser actualizada por lo que le recomendamos y enfatizamos revisar continuamente esta p\u00e1gina para asegurarse que est\u00e1 de acuerdo con dichos cambios.<\/p>\n                  <\/div>\n                <\/div>\n                <div data-colibri-id=\"3-c6\" class=\"h-divider style-2016 style-local-3-c6 position-relative h-element\">\n                  <!----><span class=\"h-divider__line style-2016-line style-local-3-c6-line style-2016-line style-local-3-c6-line\"><\/span><\/div>\n                <div data-colibri-id=\"3-c7\" class=\"h-global-transition-all h-heading style-2012 style-local-3-c7 position-relative h-element\">\n                  <!---->\n                  <div class=\"h-heading__outer style-2012 style-local-3-c7\">\n                    <!---->\n                    <!---->\n                    <h4 class=\"\">Informaci\u00f3n que es recogida<\/h4>\n                  <\/div>\n                <\/div>\n                <div data-colibri-id=\"3-c8\" class=\"h-text h-text-component style-2011 style-local-3-c8 position-relative h-element\">\n                  <!---->\n                  <!---->\n                  <div class=\"\">\n                    <p>Nuestro sitio web podr\u00e1 recoger informaci\u00f3n personal por ejemplo: Nombre, informaci\u00f3n de contacto como su direcci\u00f3n de correo electr\u00f3nica e informaci\u00f3n demogr\u00e1fica. Asimismo cuando sea necesario podr\u00e1 ser requerida informaci\u00f3n espec\u00edfica\n                      para procesar alg\u00fan pedido o realizar una entrega o facturaci\u00f3n.<\/p>\n                  <\/div>\n                <\/div>\n                <div data-colibri-id=\"3-c9\" class=\"h-divider style-2016 style-local-3-c9 position-relative h-element\">\n                  <!----><span class=\"h-divider__line style-2016-line style-local-3-c9-line style-2016-line style-local-3-c9-line\"><\/span><\/div>\n                <div data-colibri-id=\"3-c10\" class=\"h-global-transition-all h-heading style-2012 style-local-3-c10 position-relative h-element\">\n                  <!---->\n                  <div class=\"h-heading__outer style-2012 style-local-3-c10\">\n                    <!---->\n                    <!---->\n                    <h4 class=\"\">Uso de la informaci\u00f3n recogida<\/h4>\n                  <\/div>\n                <\/div>\n                <div data-colibri-id=\"3-c11\" class=\"h-text h-text-component style-2011 style-local-3-c11 position-relative h-element\">\n                  <!---->\n                  <!---->\n                  <div class=\"\">\n                    <p>Nuestro sitio web emplea la informaci\u00f3n con el fin de proporcionar el mejor servicio posible, particularmente para mantener un registro de usuarios, de pedidos en caso que aplique, y mejorar nuestros productos y servicios. Es posible\n                      que sean enviados correos electr\u00f3nicos peri\u00f3dicamente a trav\u00e9s de nuestro sitio con ofertas especiales, nuevos productos y otra informaci\u00f3n publicitaria que consideremos relevante para usted o que pueda brindarle alg\u00fan beneficio,\n                      estos correos electr\u00f3nicos ser\u00e1n enviados a la direcci\u00f3n que usted proporcione y podr\u00e1n ser cancelados en cualquier momento.<\/p>\n                    <p>Cl\u00ednica Cemep est\u00e1 altamente comprometido para cumplir con el compromiso de mantener su informaci\u00f3n segura. Usamos los sistemas m\u00e1s avanzados y los actualizamos constantemente para asegurarnos que no exista ning\u00fan acceso no autorizado.<\/p>\n                  <\/div>\n                <\/div>\n                <div data-colibri-id=\"3-c12\" class=\"h-divider style-2016 style-local-3-c12 position-relative h-element\">\n                  <!----><span class=\"h-divider__line style-2016-line style-local-3-c12-line style-2016-line style-local-3-c12-line\"><\/span><\/div>\n                <div data-colibri-id=\"3-c13\" class=\"h-global-transition-all h-heading style-2012 style-local-3-c13 position-relative h-element\">\n                  <!---->\n                  <div class=\"h-heading__outer style-2012 style-local-3-c13\">\n                    <!---->\n                    <!---->\n                    <h4 class=\"\">Cookies<\/h4>\n                  <\/div>\n                <\/div>\n                <div data-colibri-id=\"3-c14\" class=\"h-text h-text-component style-2011 style-local-3-c14 position-relative h-element\">\n                  <!---->\n                  <!---->\n                  <div class=\"\">\n                    <p>Una cookie se refiere a un fichero que es enviado con la finalidad de solicitar permiso para almacenarse en su ordenador, al aceptar dicho fichero se crea y la cookie sirve entonces para tener informaci\u00f3n respecto al tr\u00e1fico web, y\n                      tambi\u00e9n facilita las futuras visitas a una web recurrente. Otra funci\u00f3n que tienen las cookies es que con ellas las web pueden reconocerte individualmente y por tanto brindarte el mejor servicio personalizado de su web.<\/p>\n                    <p>Nuestro sitio web emplea las cookies para poder identificar las p\u00e1ginas que son visitadas y su frecuencia. Esta informaci\u00f3n es empleada \u00fanicamente para an\u00e1lisis estad\u00edstico y despu\u00e9s la informaci\u00f3n se elimina de forma permanente. Usted\n                      puede eliminar las cookies en cualquier momento desde su ordenador. Sin embargo las cookies ayudan a proporcionar un mejor servicio de los sitios web, est\u00e1s no dan acceso a informaci\u00f3n de su ordenador ni de usted, a menos de que\n                      usted as\u00ed lo quiera y la proporcione directamente, visitas a nuestra web. Usted puede aceptar o negar el uso de cookies, sin embargo la mayor\u00eda de navegadores aceptan cookies autom\u00e1ticamente pues sirve para tener un mejor servicio\n                      web. Tambi\u00e9n usted puede cambiar la configuraci\u00f3n de su ordenador para declinar las cookies. Si se declinan es posible que no pueda utilizar algunos de nuestros servicios.<\/p>\n                  <\/div>\n                <\/div>\n                <div data-colibri-id=\"3-c15\" class=\"h-divider style-2016 style-local-3-c15 position-relative h-element\">\n                  <!----><span class=\"h-divider__line style-2016-line style-local-3-c15-line style-2016-line style-local-3-c15-line\"><\/span><\/div>\n                <div data-colibri-id=\"3-c16\" class=\"h-global-transition-all h-heading style-2012 style-local-3-c16 position-relative h-element\">\n                  <!---->\n                  <div class=\"h-heading__outer style-2012 style-local-3-c16\">\n                    <!---->\n                    <!---->\n                    <h4 class=\"\">Enlaces a Terceros<\/h4>\n                  <\/div>\n                <\/div>\n                <div data-colibri-id=\"3-c17\" class=\"h-text h-text-component style-2011 style-local-3-c17 position-relative h-element\">\n                  <!---->\n                  <!---->\n                  <div class=\"\">\n                    <p>Este sitio web pudiera contener en laces a otros sitios que pudieran ser de su inter\u00e9s. Una vez que usted de clic en estos enlaces y abandone nuestra p\u00e1gina, ya no tenemos control sobre al sitio al que es redirigido y por lo tanto\n                      no somos responsables de los t\u00e9rminos o privacidad ni de la protecci\u00f3n de sus datos en esos otros sitios terceros. Dichos sitios est\u00e1n sujetos a sus propias pol\u00edticas de privacidad por lo cual es recomendable que los consulte para\n                      confirmar que usted est\u00e1 de acuerdo con estas.<\/p>\n                  <\/div>\n                <\/div>\n                <div data-colibri-id=\"3-c18\" class=\"h-divider style-2016 style-local-3-c18 position-relative h-element\">\n                  <!----><span class=\"h-divider__line style-2016-line style-local-3-c18-line style-2016-line style-local-3-c18-line\"><\/span><\/div>\n                <div data-colibri-id=\"3-c19\" class=\"h-global-transition-all h-heading style-2012 style-local-3-c19 position-relative h-element\">\n                  <!---->\n                  <div class=\"h-heading__outer style-2012 style-local-3-c19\">\n                    <!---->\n                    <!---->\n                    <h4 class=\"\">Control de su informaci\u00f3n personal<\/h4>\n                  <\/div>\n                <\/div>\n                <div data-colibri-id=\"3-c20\" class=\"h-text h-text-component style-2011 style-local-3-c20 position-relative h-element\">\n                  <!---->\n                  <!---->\n                  <div class=\"\">\n                    <p>En cualquier momento usted puede restringir la recopilaci\u00f3n o el uso de la informaci\u00f3n personal que es proporcionada a nuestro sitio web. Cada vez que se le solicite rellenar un formulario, como el de alta de usuario, puede marcar\n                      o desmarcar la opci\u00f3n de recibir informaci\u00f3n por correo electr\u00f3nico. En caso de que haya marcado la opci\u00f3n de recibir nuestro bolet\u00edn o publicidad usted puede cancelarla en cualquier momento.<\/p>\n                    <p>Esta compa\u00f1\u00eda no vender\u00e1, ceder\u00e1 ni distribuir\u00e1 la informaci\u00f3n personal que es recopilada sin su consentimiento, salvo que sea requerido por un juez con un orden judicial.<\/p>\n                    <p>Cl\u00ednica Cemep Se reserva el derecho de cambiar los t\u00e9rminos de la presente Pol\u00edtica de Privacidad en cualquier momento.<\/p>\n                  <\/div>\n                <\/div>\n              <\/div>\n            <\/div>\n          <\/div>\n        <\/div>\n      <\/div>\n    <\/div>\n  <\/div>\n<\/div>","protected":false},"excerpt":{"rendered":"<p>Pol\u00edticas de Privacidad El presente Pol\u00edtica de Privacidad establece los t\u00e9rminos en que Cl\u00ednica Cemep usa y protege la informaci\u00f3n que es proporcionada por sus usuarios al momento de utilizar su sitio web. Esta compa\u00f1\u00eda est\u00e1 comprometida con la seguridad de los datos de sus usuarios. Cuando le pedimos llenar los campos de informaci\u00f3n personal [&hellip;]<\/p>\n","protected":false},"author":1,"featured_media":0,"parent":0,"menu_order":0,"comment_status":"closed","ping_status":"closed","template":"page-templates\/full-width-page.php","meta":{"footnotes":""},"class_list":["post-3","page","type-page","status-publish","hentry"],"_links":{"self":[{"href":"https:\/\/www.cemep.com.ar\/clinica\/wp-json\/wp\/v2\/pages\/3","targetHints":{"allow":["GET"]}}],"collection":[{"href":"https:\/\/www.cemep.com.ar\/clinica\/wp-json\/wp\/v2\/pages"}],"about":[{"href":"https:\/\/www.cemep.com.ar\/clinica\/wp-json\/wp\/v2\/types\/page"}],"author":[{"embeddable":true,"href":"https:\/\/www.cemep.com.ar\/clinica\/wp-json\/wp\/v2\/users\/1"}],"replies":[{"embeddable":true,"href":"https:\/\/www.cemep.com.ar\/clinica\/wp-json\/wp\/v2\/comments?post=3"}],"version-history":[{"count":7,"href":"https:\/\/www.cemep.com.ar\/clinica\/wp-json\/wp\/v2\/pages\/3\/revisions"}],"predecessor-version":[{"id":2967,"href":"https:\/\/www.cemep.com.ar\/clinica\/wp-json\/wp\/v2\/pages\/3\/revisions\/2967"}],"wp:attachment":[{"href":"https:\/\/www.cemep.com.ar\/clinica\/wp-json\/wp\/v2\/media?parent=3"}],"curies":[{"name":"wp","href":"https:\/\/api.w.org\/{rel}","templated":true}]}}