{"id":1290,"date":"2022-10-05T06:52:39","date_gmt":"2022-10-05T06:52:39","guid":{"rendered":"https:\/\/www.cemep.com.ar\/clinica\/centro-oncologico\/"},"modified":"2024-01-12T06:43:16","modified_gmt":"2024-01-12T06:43:16","slug":"centro-oncologico","status":"publish","type":"page","link":"https:\/\/www.cemep.com.ar\/clinica\/centro-oncologico\/","title":{"rendered":"Centro Oncologico"},"content":{"rendered":"<div data-colibri-id=\"1290-c1\" class=\"style-1417 style-local-1290-c1 position-relative\">\n  <!---->\n  <div data-colibri-component=\"section\" data-colibri-id=\"1290-c32\" id=\"reusable-sections\" class=\"h-section h-section-global-spacing d-flex align-items-lg-center align-items-md-center align-items-center style-2151 style-local-1290-c32 position-relative\">\n    <div class=\"background-wrapper\">\n      <div class=\"background-layer background-layer-media-container-lg\">\n        <!---->\n      <\/div>\n      <div class=\"background-layer background-layer-media-container-md\">\n        <!---->\n        <div class=\"overlay-layer\">\n          <div class=\"overlay-image-layer\" style=\"background-color: rgb(39, 71, 125); opacity: 0.5;\"><\/div>\n        <\/div>\n      <\/div>\n      <div class=\"background-layer background-layer-media-container\">\n        <!---->\n        <div class=\"overlay-layer\">\n          <div class=\"overlay-image-layer\" style=\"background-color: rgb(39, 71, 125); opacity: 0.5;\"><\/div>\n        <\/div>\n      <\/div>\n    <\/div>\n    <!---->\n    <div class=\"h-section-grid-container h-section-boxed-container\">\n      <!---->\n      <div data-colibri-id=\"1290-c33\" class=\"h-row-container gutters-row-lg-2 gutters-row-md-2 gutters-row-0 gutters-row-v-lg-2 gutters-row-v-md-2 gutters-row-v-2 style-2152 style-local-1290-c33 position-relative\">\n        <!---->\n        <div class=\"h-row justify-content-lg-center justify-content-md-center justify-content-center align-items-lg-stretch align-items-md-stretch align-items-stretch gutters-col-lg-2 gutters-col-md-2 gutters-col-0 gutters-col-v-lg-2 gutters-col-v-md-2 gutters-col-v-2\">\n          <!---->\n          <div class=\"h-column h-column-container d-flex h-col-lg-auto h-col-md-auto h-col-auto style-2153-outer style-local-1290-c34-outer\">\n            <div data-colibri-id=\"1290-c34\" class=\"d-flex h-flex-basis h-column__inner h-px-lg-2 h-px-md-2 h-px-2 v-inner-lg-2 v-inner-md-2 v-inner-2 style-2153 style-local-1290-c34 position-relative\">\n              <!---->\n              <!---->\n              <div class=\"w-100 h-y-container h-column__content h-column__v-align flex-basis-100 align-self-lg-start align-self-md-start align-self-start\">\n                <!---->\n                <div data-colibri-id=\"1290-c36\" class=\"h-global-transition-all h-heading style-2155 style-local-1290-c36 position-relative h-element\">\n                  <!---->\n                  <div class=\"h-heading__outer style-2155 style-local-1290-c36\">\n                    <!---->\n                    <!---->\n                    <h1 class=\"\">Centro\n                      <br>Oncol\u00f3gico<\/h1>\n                  <\/div>\n                <\/div>\n              <\/div>\n            <\/div>\n          <\/div>\n        <\/div>\n      <\/div>\n    <\/div>\n  <\/div>\n  <div data-colibri-component=\"section\" data-colibri-id=\"1290-c2\" id=\"custom\" class=\"h-section h-section-global-spacing d-flex align-items-lg-center align-items-md-center align-items-center style-1446 style-local-1290-c2 position-relative\">\n    <!---->\n    <!---->\n    <div class=\"h-section-grid-container h-section-boxed-container\">\n      <!---->\n      <div data-colibri-id=\"1290-c3\" class=\"h-row-container gutters-row-lg-2 gutters-row-md-2 gutters-row-0 gutters-row-v-lg-2 gutters-row-v-md-2 gutters-row-v-2 style-1447 style-local-1290-c3 position-relative\">\n        <!---->\n        <div class=\"h-row justify-content-lg-center justify-content-md-center justify-content-center align-items-lg-stretch align-items-md-stretch align-items-stretch gutters-col-lg-2 gutters-col-md-2 gutters-col-0 gutters-col-v-lg-2 gutters-col-v-md-2 gutters-col-v-2\">\n          <!---->\n          <div class=\"h-column h-column-container d-flex h-col-lg-auto h-col-md-auto h-col-auto style-1448-outer style-local-1290-c4-outer\">\n            <div data-colibri-id=\"1290-c4\" class=\"d-flex h-flex-basis h-column__inner h-px-lg-2 h-px-md-2 h-px-2 v-inner-lg-2 v-inner-md-2 v-inner-2 style-1448 style-local-1290-c4 position-relative\">\n              <!---->\n              <!---->\n              <div class=\"w-100 h-y-container h-column__content h-column__v-align flex-basis-100 align-self-lg-start align-self-md-start align-self-start\">\n                <!---->\n                <div data-colibri-id=\"1290-c5\" class=\"h-text h-text-component style-1449 style-local-1290-c5 position-relative h-element\">\n                  <!---->\n                  <!---->\n                  <div class=\"\">\n                    <p>Actualmente las enfermedades oncol\u00f3gicas son evaluadas y tratadas por equipos multidisciplinarios, es decir, distintas especialidades trabajando en forma coordinada para que la atenci\u00f3n del paciente sea integral. Los distintos Servicios\n                      del CEMeP conforman el Centro Oncol\u00f3gico.<\/p>\n                  <\/div>\n                <\/div>\n              <\/div>\n            <\/div>\n          <\/div>\n        <\/div>\n      <\/div>\n      <div data-colibri-id=\"1290-c6\" class=\"h-row-container gutters-row-lg-2 gutters-row-md-2 gutters-row-0 gutters-row-v-lg-2 gutters-row-v-md-2 gutters-row-v-2 style-1450 style-local-1290-c6 position-relative\">\n        <!---->\n        <div class=\"h-row justify-content-lg-center justify-content-md-center justify-content-center align-items-lg-stretch align-items-md-stretch align-items-stretch gutters-col-lg-2 gutters-col-md-2 gutters-col-0 gutters-col-v-lg-2 gutters-col-v-md-2 gutters-col-v-2\">\n          <!---->\n          <div class=\"h-column h-column-container d-flex h-col-lg-auto h-col-md-auto h-col-auto style-1451-outer style-local-1290-c7-outer\">\n            <div data-colibri-id=\"1290-c7\" class=\"d-flex h-flex-basis h-column__inner h-px-lg-2 h-px-md-2 h-px-2 v-inner-lg-2 v-inner-md-2 v-inner-2 style-1451 style-local-1290-c7 position-relative\">\n              <!---->\n              <!---->\n              <div class=\"w-100 h-y-container h-column__content h-column__v-align flex-basis-100 align-self-lg-start align-self-md-start align-self-start\">\n                <!---->\n                <div data-colibri-id=\"1290-c8\" class=\"h-text h-text-component style-1452 style-local-1290-c8 position-relative h-element\">\n                  <!---->\n                  <!---->\n                  <div class=\"\">\n                    <p>Actualmente las enfermedades oncol\u00f3gicas son evaluadas y tratadas por equipos multidisciplinarios, es decir, distintas especialidades trabajando en forma coordinada para que la atenci\u00f3n del paciente sea integral. Los distintos Servicios\n                      del CEMeP conforman el Centro Oncol\u00f3gico.<\/p>\n                  <\/div>\n                <\/div>\n              <\/div>\n            <\/div>\n          <\/div>\n        <\/div>\n      <\/div>\n    <\/div>\n  <\/div>\n  <div data-colibri-component=\"section\" data-colibri-id=\"1290-c9\" id=\"custom-2\" class=\"h-section h-section-global-spacing d-flex align-items-lg-center align-items-md-center align-items-center style-1453 style-local-1290-c9 position-relative\">\n    <!---->\n    <!---->\n    <div class=\"h-section-grid-container h-section-boxed-container\">\n      <!---->\n      <div data-colibri-id=\"1290-c10\" class=\"h-row-container gutters-row-lg-2 gutters-row-md-2 gutters-row-0 gutters-row-v-lg-2 gutters-row-v-md-2 gutters-row-v-2 style-1454 style-local-1290-c10 position-relative\">\n        <!---->\n        <div class=\"h-row justify-content-lg-center justify-content-md-center justify-content-center align-items-lg-stretch align-items-md-stretch align-items-stretch gutters-col-lg-2 gutters-col-md-2 gutters-col-0 gutters-col-v-lg-2 gutters-col-v-md-2 gutters-col-v-2\">\n          <!---->\n          <div class=\"h-column h-column-container d-flex h-col-lg-auto h-col-md-auto h-col-auto style-1455-outer style-local-1290-c11-outer\">\n            <div data-colibri-id=\"1290-c11\" class=\"d-flex h-flex-basis h-column__inner h-px-lg-2 h-px-md-2 h-px-2 v-inner-lg-2 v-inner-md-2 v-inner-2 style-1455 style-local-1290-c11 position-relative\">\n              <!---->\n              <!---->\n              <div class=\"w-100 h-y-container h-column__content h-column__v-align flex-basis-100 align-self-lg-start align-self-md-start align-self-start\">\n                <!---->\n                <div data-colibri-id=\"1290-c12\" class=\"h-row-container gutters-row-lg-0 gutters-row-md-0 gutters-row-0 gutters-row-v-lg-0 gutters-row-v-md-0 gutters-row-v-0 style-1464 style-local-1290-c12 position-relative\">\n                  <!---->\n                  <div class=\"h-row justify-content-lg-center justify-content-md-center justify-content-center align-items-lg-stretch align-items-md-stretch align-items-stretch gutters-col-lg-0 gutters-col-md-0 gutters-col-0 gutters-col-v-lg-0 gutters-col-v-md-0 gutters-col-v-0\">\n                    <!---->\n                    <div class=\"h-column h-column-container d-flex h-col-lg-auto h-col-md-auto h-col-auto style-1465-outer style-local-1290-c13-outer\">\n                      <div data-colibri-id=\"1290-c13\" class=\"d-flex h-flex-basis h-column__inner h-px-lg-0 h-px-md-0 h-px-0 v-inner-lg-0 v-inner-md-0 v-inner-0 style-1465 style-local-1290-c13 position-relative\">\n                        <!---->\n                        <!---->\n                        <div class=\"w-100 h-y-container h-column__content h-column__v-align flex-basis-auto align-self-lg-start align-self-md-start align-self-start\">\n                          <!---->\n                          <div data-colibri-id=\"1290-c14\" class=\"h-icon style-1463 style-local-1290-c14 position-relative h-element\">\n                            <!----><span class=\"h-svg-icon h-icon__icon style-1463-icon style-local-1290-c14-icon\"><!--Icon by Ionicons (https:\/\/ionicons.com)--><svg version=\"1.1\" xmlns=\"http:\/\/www.w3.org\/2000\/svg\" xmlns:xlink=\"http:\/\/www.w3.org\/1999\/xlink\" id=\"person-stalker\" viewBox=\"0 0 448 512\"><path d=\"M393 325c42 16 52 26 53 33 2 9 2 90 2 90h-98c0-18 0-71-1-77-1-10-1-29-55-50-8-3-14-5-19-7 18-8 15-15 15-28 0-19-9-11-15-47-2-14-4-5-9-28-3-12 1-12 1-18s-1-10-2-22c-1-14 11-52 57-52s59 38 58 52c-1 12-2 16-2 22-1 6 4 6 1 18-5 23-7 14-9 28-6 36-16 28-16 47 0 29-2 23 39 39zm-68 123H0s0-65 2-77c2-10 15-22 69-43 54-20 50-17 50-55 0-24-12-8-20-54-3-18-5-7-11-36-3-15 2-16 1-23s-2-14-3-29c-2-19 15-67 74-67s77 49 75 67c-1 15-2 22-3 29s5 8 2 23c-6 29-9 18-12 36-8 46-20 30-20 54 0 32-2 36 31 48 6 2 11 4 19 7 54 21 67 33 69 43 1 6 2 28 2 47v30z\"><\/path><\/svg><\/span><\/div>\n                        <\/div>\n                      <\/div>\n                    <\/div>\n                    <div class=\"h-column h-column-container d-flex h-col-lg h-col-md h-col-auto style-1466-outer style-local-1290-c15-outer\">\n                      <div data-colibri-id=\"1290-c15\" class=\"d-flex h-flex-basis h-column__inner h-px-lg-0 h-px-md-0 h-px-0 v-inner-lg-0 v-inner-md-0 v-inner-0 style-1466 style-local-1290-c15 position-relative\">\n                        <!---->\n                        <!---->\n                        <div class=\"w-100 h-y-container h-column__content h-column__v-align flex-basis-100 align-self-lg-start align-self-md-start align-self-start\">\n                          <!---->\n                          <div data-colibri-id=\"1290-c16\" class=\"h-global-transition-all h-heading style-1459 style-local-1290-c16 position-relative h-element\">\n                            <!---->\n                            <div class=\"h-heading__outer style-1459 style-local-1290-c16\">\n                              <!---->\n                              <!---->\n                              <h4 class=\"\">Pacientes<\/h4>\n                            <\/div>\n                          <\/div>\n                          <div data-colibri-id=\"1290-c17\" class=\"h-text h-text-component style-1461 style-local-1290-c17 position-relative h-element\">\n                            <!---->\n                            <!---->\n                            <div class=\"\">\n                              <p>Los pacientes que se atender\u00e1n en el Centro Oncol\u00f3gico son los que presenten alta sospecha de enfermedad oncol\u00f3gica en estudio o ya presenten dicho diagn\u00f3stico y se encuentren en tratamiento o seguimiento (control).<\/p>\n                            <\/div>\n                          <\/div>\n                        <\/div>\n                      <\/div>\n                    <\/div>\n                  <\/div>\n                <\/div>\n              <\/div>\n            <\/div>\n          <\/div>\n          <div class=\"h-column h-column-container d-flex h-col-lg-auto h-col-md-auto h-col-auto style-1456-outer style-local-1290-c18-outer\">\n            <div data-colibri-id=\"1290-c18\" class=\"d-flex h-flex-basis h-column__inner h-px-lg-2 h-px-md-2 h-px-2 v-inner-lg-2 v-inner-md-2 v-inner-2 style-1456 style-local-1290-c18 position-relative\">\n              <!---->\n              <!---->\n              <div class=\"w-100 h-y-container h-column__content h-column__v-align flex-basis-100 align-self-lg-start align-self-md-start align-self-start\">\n                <!---->\n                <div data-colibri-id=\"1290-c19\" class=\"h-row-container gutters-row-lg-0 gutters-row-md-0 gutters-row-0 gutters-row-v-lg-0 gutters-row-v-md-0 gutters-row-v-0 style-1467 style-local-1290-c19 position-relative\">\n                  <!---->\n                  <div class=\"h-row justify-content-lg-center justify-content-md-center justify-content-center align-items-lg-stretch align-items-md-stretch align-items-stretch gutters-col-lg-0 gutters-col-md-0 gutters-col-0 gutters-col-v-lg-0 gutters-col-v-md-0 gutters-col-v-0\">\n                    <!---->\n                    <div class=\"h-column h-column-container d-flex h-col-lg-auto h-col-md-auto h-col-auto style-1468-outer style-local-1290-c20-outer\">\n                      <div data-colibri-id=\"1290-c20\" class=\"d-flex h-flex-basis h-column__inner h-px-lg-0 h-px-md-0 h-px-0 v-inner-lg-0 v-inner-md-0 v-inner-0 style-1468 style-local-1290-c20 position-relative\">\n                        <!---->\n                        <!---->\n                        <div class=\"w-100 h-y-container h-column__content h-column__v-align flex-basis-auto align-self-lg-start align-self-md-start align-self-start\">\n                          <!---->\n                          <div data-colibri-id=\"1290-c21\" class=\"h-icon style-1463 style-local-1290-c21 position-relative h-element\">\n                            <!----><span class=\"h-svg-icon h-icon__icon style-1463-icon style-local-1290-c21-icon\"><!--Icon by Foundation Icons (https:\/\/zurb.com\/playground\/foundation-icon-fonts-3)--><svg version=\"1.1\" xmlns=\"http:\/\/www.w3.org\/2000\/svg\" xmlns:xlink=\"http:\/\/www.w3.org\/1999\/xlink\" id=\"target\" viewBox=\"0 0 384 512.5\"><path d=\"M192 141.25c64 0 115 51 115 115s-51 115-115 115-116-51-116-115 52-115 116-115zm0 180c36 0 64-29 64-65s-28-65-64-65-65 29-65 65 29 65 65 65zm0-257c106 0 192 86 192 192s-86 192-192 192-192-86-192-192 86-192 192-192zm0 333c78 0 141-63 141-141s-63-141-141-141-141 63-141 141 63 141 141 141zm-39-141c0-26 13-39 39-39s39 13 39 39-13 39-39 39-39-13-39-39z\"><\/path><\/svg><\/span><\/div>\n                        <\/div>\n                      <\/div>\n                    <\/div>\n                    <div class=\"h-column h-column-container d-flex h-col-lg h-col-md h-col-auto style-1469-outer style-local-1290-c22-outer\">\n                      <div data-colibri-id=\"1290-c22\" class=\"d-flex h-flex-basis h-column__inner h-px-lg-0 h-px-md-0 h-px-0 v-inner-lg-0 v-inner-md-0 v-inner-0 style-1469 style-local-1290-c22 position-relative\">\n                        <!---->\n                        <!---->\n                        <div class=\"w-100 h-y-container h-column__content h-column__v-align flex-basis-100 align-self-lg-start align-self-md-start align-self-start\">\n                          <!---->\n                          <div data-colibri-id=\"1290-c23\" class=\"h-global-transition-all h-heading style-1459 style-local-1290-c23 position-relative h-element\">\n                            <!---->\n                            <div class=\"h-heading__outer style-1459 style-local-1290-c23\">\n                              <!---->\n                              <!---->\n                              <h4 class=\"\">Objetivos<\/h4>\n                            <\/div>\n                          <\/div>\n                          <div data-colibri-id=\"1290-c24\" class=\"h-text h-text-component style-1461 style-local-1290-c24 position-relative h-element\">\n                            <!---->\n                            <!---->\n                            <div class=\"\">\n                              <p>Atenci\u00f3n del paciente con altas sospecha o con diagn\u00f3stico de enfermedad oncol\u00f3gica en forma integral, mediante un equipo multidisciplinario y con prioridad en la atenci\u00f3n en los distintos Servicios del CEMeP.<\/p>\n                            <\/div>\n                          <\/div>\n                        <\/div>\n                      <\/div>\n                    <\/div>\n                  <\/div>\n                <\/div>\n              <\/div>\n            <\/div>\n          <\/div>\n          <div class=\"h-column h-column-container d-flex h-col-lg-auto h-col-md-auto h-col-auto style-1456-outer style-local-1290-c25-outer\">\n            <div data-colibri-id=\"1290-c25\" class=\"d-flex h-flex-basis h-column__inner h-px-lg-2 h-px-md-2 h-px-2 v-inner-lg-2 v-inner-md-2 v-inner-2 style-1456 style-local-1290-c25 position-relative\">\n              <!---->\n              <!---->\n              <div class=\"w-100 h-y-container h-column__content h-column__v-align flex-basis-100 align-self-lg-start align-self-md-start align-self-start\">\n                <!---->\n                <div data-colibri-id=\"1290-c26\" class=\"h-row-container gutters-row-lg-0 gutters-row-md-0 gutters-row-0 gutters-row-v-lg-0 gutters-row-v-md-0 gutters-row-v-0 style-1470 style-local-1290-c26 position-relative\">\n                  <!---->\n                  <div class=\"h-row justify-content-lg-center justify-content-md-center justify-content-center align-items-lg-stretch align-items-md-stretch align-items-stretch gutters-col-lg-0 gutters-col-md-0 gutters-col-0 gutters-col-v-lg-0 gutters-col-v-md-0 gutters-col-v-0\">\n                    <!---->\n                    <div class=\"h-column h-column-container d-flex h-col-lg-auto h-col-md-auto h-col-auto style-1471-outer style-local-1290-c27-outer\">\n                      <div data-colibri-id=\"1290-c27\" class=\"d-flex h-flex-basis h-column__inner h-px-lg-0 h-px-md-0 h-px-0 v-inner-lg-0 v-inner-md-0 v-inner-0 style-1471 style-local-1290-c27 position-relative\">\n                        <!---->\n                        <!---->\n                        <div class=\"w-100 h-y-container h-column__content h-column__v-align flex-basis-auto align-self-lg-start align-self-md-start align-self-start\">\n                          <!---->\n                          <div data-colibri-id=\"1290-c28\" class=\"h-icon style-1463 style-local-1290-c28 position-relative h-element\">\n                            <!----><span class=\"h-svg-icon h-icon__icon style-1463-icon style-local-1290-c28-icon\"><!--Icon by Ionicons (https:\/\/ionicons.com)--><svg version=\"1.1\" xmlns=\"http:\/\/www.w3.org\/2000\/svg\" xmlns:xlink=\"http:\/\/www.w3.org\/1999\/xlink\" id=\"ios-world\" viewBox=\"0 0 416 512\"><path d=\"M208 48c115 0 208 93 208 208s-93 208-208 208S0 371 0 256 93 48 208 48zm0 399c106 0 191-85 191-191S314 65 208 65 17 150 17 256s86 191 191 191zm66-275c6 22 9 48 10 76h-68v-68c20-1 39-4 58-8zm-58-90c20 6 41 34 54 75-17 4-36 6-54 7V82zm-71 75c13-42 35-69 55-75v82c-19-1-37-3-55-7zm188-24c-15 8-31 15-48 20-9-29-21-52-36-67 32 8 61 24 84 47zm-34 115c-1-29-4-56-10-80 19-6 37-14 54-23 23 28 38 64 40 103h-84zm-167 0c1-28 3-54 9-76 19 5 39 7 59 8v68h-68zm152 16c-1 28-4 54-10 76-19-5-38-7-58-8v-68h68zm-143 76c-6-22-8-48-9-76h68v68c-20 1-40 3-59 8zm59 90c-20-6-42-33-55-75 18-4 36-6 55-7v82zm49-4c15-15 27-38 36-67 17 5 33 11 48 19-23 23-52 40-84 48zM167 86c-15 15-27 39-36 67-16-5-33-11-48-19 22-23 52-40 84-48zm122 258c6-24 9-51 10-80h84c-2 39-17 75-40 103-17-9-35-17-54-23zm-73 4c18 1 37 3 54 7-13 42-34 69-54 75v-82zm-89-180c-6 24-11 51-11 80H33c2-39 17-75 40-103 17 9 35 17 54 23zm-11 96c1 29 4 56 10 80-19 6-36 14-53 23-23-28-38-64-40-103h83zM83 378c15-8 32-14 48-19 9 28 21 52 36 67-32-8-62-25-84-48z\"><\/path><\/svg><\/span><\/div>\n                        <\/div>\n                      <\/div>\n                    <\/div>\n                    <div class=\"h-column h-column-container d-flex h-col-lg h-col-md h-col-auto style-1472-outer style-local-1290-c29-outer\">\n                      <div data-colibri-id=\"1290-c29\" class=\"d-flex h-flex-basis h-column__inner h-px-lg-0 h-px-md-0 h-px-0 v-inner-lg-0 v-inner-md-0 v-inner-0 style-1472 style-local-1290-c29 position-relative\">\n                        <!---->\n                        <!---->\n                        <div class=\"w-100 h-y-container h-column__content h-column__v-align flex-basis-100 align-self-lg-start align-self-md-start align-self-start\">\n                          <!---->\n                          <div data-colibri-id=\"1290-c30\" class=\"h-global-transition-all h-heading style-1459 style-local-1290-c30 position-relative h-element\">\n                            <!---->\n                            <div class=\"h-heading__outer style-1459 style-local-1290-c30\">\n                              <!---->\n                              <!---->\n                              <h4 class=\"\">Modo de trabajo<\/h4>\n                            <\/div>\n                          <\/div>\n                          <div data-colibri-id=\"1290-c31\" class=\"h-text h-text-component style-1461 style-local-1290-c31 position-relative h-element\">\n                            <!---->\n                            <!---->\n                            <div class=\"\">\n                              <p>El paciente con alta sospecha de enfermedad oncol\u00f3gica ingresar\u00e1 al Centro Oncol\u00f3gico por especialidades cl\u00ednicas: Ginecolog\u00eda, Cl\u00ednica M\u00e9dica, Urolog\u00eda, Pediatr\u00eda, otras. Se solicitar\u00e1n interconsultas, estudios y\/o biopsias\n                                mediante un recetario espec\u00edfico del Centro para dar prioridad en estos Servicios.<\/p>\n                              <p>El paciente con Diagn\u00f3stico de enfermedad Oncol\u00f3gica que se encuentra en tratamiento o seguimiento se realizar\u00e1 los estudios de rutina dentro del Centro Oncol\u00f3gico para agilizar los controles habituales.<\/p>\n                              <p>Todas las decisiones de tratamiento ser\u00e1n evaluadas por el Comit\u00e9 de Tumores (ateneos oncol\u00f3gicos de los especialistas del CEMeP) en Videoconferencia con Comit\u00e9 de Tumores de Ushuaia y Buenos Aires.<\/p>\n                            <\/div>\n                          <\/div>\n                        <\/div>\n                      <\/div>\n                    <\/div>\n                  <\/div>\n                <\/div>\n              <\/div>\n            <\/div>\n          <\/div>\n        <\/div>\n      <\/div>\n    <\/div>\n  <\/div>\n<\/div>","protected":false},"excerpt":{"rendered":"<p>Centro Oncol\u00f3gico Actualmente las enfermedades oncol\u00f3gicas son evaluadas y tratadas por equipos multidisciplinarios, es decir, distintas especialidades trabajando en forma coordinada para que la atenci\u00f3n del paciente sea integral. Los distintos Servicios del CEMeP conforman el Centro Oncol\u00f3gico. Actualmente las enfermedades oncol\u00f3gicas son evaluadas y tratadas por equipos multidisciplinarios, es decir, distintas especialidades trabajando en [&hellip;]<\/p>\n","protected":false},"author":1,"featured_media":0,"parent":0,"menu_order":0,"comment_status":"closed","ping_status":"closed","template":"page-templates\/full-width-page.php","meta":{"footnotes":""},"class_list":["post-1290","page","type-page","status-publish","hentry"],"_links":{"self":[{"href":"https:\/\/www.cemep.com.ar\/clinica\/wp-json\/wp\/v2\/pages\/1290","targetHints":{"allow":["GET"]}}],"collection":[{"href":"https:\/\/www.cemep.com.ar\/clinica\/wp-json\/wp\/v2\/pages"}],"about":[{"href":"https:\/\/www.cemep.com.ar\/clinica\/wp-json\/wp\/v2\/types\/page"}],"author":[{"embeddable":true,"href":"https:\/\/www.cemep.com.ar\/clinica\/wp-json\/wp\/v2\/users\/1"}],"replies":[{"embeddable":true,"href":"https:\/\/www.cemep.com.ar\/clinica\/wp-json\/wp\/v2\/comments?post=1290"}],"version-history":[{"count":7,"href":"https:\/\/www.cemep.com.ar\/clinica\/wp-json\/wp\/v2\/pages\/1290\/revisions"}],"predecessor-version":[{"id":2893,"href":"https:\/\/www.cemep.com.ar\/clinica\/wp-json\/wp\/v2\/pages\/1290\/revisions\/2893"}],"wp:attachment":[{"href":"https:\/\/www.cemep.com.ar\/clinica\/wp-json\/wp\/v2\/media?parent=1290"}],"curies":[{"name":"wp","href":"https:\/\/api.w.org\/{rel}","templated":true}]}}