{"id":1202,"date":"2022-10-04T22:05:33","date_gmt":"2022-10-04T22:05:33","guid":{"rendered":"https:\/\/www.cemep.com.ar\/clinica\/consultorio-de-la-mujer\/"},"modified":"2024-01-12T07:03:51","modified_gmt":"2024-01-12T07:03:51","slug":"consultorio-de-la-mujer","status":"publish","type":"page","link":"https:\/\/www.cemep.com.ar\/clinica\/consultorio-de-la-mujer\/","title":{"rendered":"Consultorio de la Mujer"},"content":{"rendered":"<div data-colibri-id=\"1202-c1\" class=\"style-1297 style-local-1202-c1 position-relative\">\n  <!---->\n  <div data-colibri-component=\"section\" data-colibri-id=\"1202-c26\" id=\"reusable-sections\" class=\"h-section h-section-global-spacing d-flex align-items-lg-center align-items-md-center align-items-center style-2181 style-local-1202-c26 position-relative\">\n    <div class=\"background-wrapper\">\n      <div class=\"background-layer background-layer-media-container-lg\">\n        <!---->\n      <\/div>\n      <div class=\"background-layer background-layer-media-container-md\">\n        <!---->\n        <div class=\"overlay-layer\">\n          <div class=\"overlay-image-layer\" style=\"background-color: rgb(143, 40, 111); opacity: 0.5;\"><\/div>\n        <\/div>\n      <\/div>\n      <div class=\"background-layer background-layer-media-container\">\n        <!---->\n        <div class=\"overlay-layer\">\n          <div class=\"overlay-image-layer\" style=\"background-color: rgb(143, 40, 111); opacity: 0.5;\"><\/div>\n        <\/div>\n      <\/div>\n    <\/div>\n    <!---->\n    <div class=\"h-section-grid-container h-section-boxed-container\">\n      <!---->\n      <div data-colibri-id=\"1202-c27\" class=\"h-row-container gutters-row-lg-2 gutters-row-md-2 gutters-row-0 gutters-row-v-lg-2 gutters-row-v-md-2 gutters-row-v-2 style-2182 style-local-1202-c27 position-relative\">\n        <!---->\n        <div class=\"h-row justify-content-lg-center justify-content-md-center justify-content-center align-items-lg-stretch align-items-md-stretch align-items-stretch gutters-col-lg-2 gutters-col-md-2 gutters-col-0 gutters-col-v-lg-2 gutters-col-v-md-2 gutters-col-v-2\">\n          <!---->\n          <div class=\"h-column h-column-container d-flex h-col-lg-auto h-col-md-auto h-col-auto style-2183-outer style-local-1202-c28-outer\">\n            <div data-colibri-id=\"1202-c28\" class=\"d-flex h-flex-basis h-column__inner h-px-lg-2 h-px-md-2 h-px-2 v-inner-lg-2 v-inner-md-2 v-inner-2 style-2183 style-local-1202-c28 position-relative\">\n              <!---->\n              <!---->\n              <div class=\"w-100 h-y-container h-column__content h-column__v-align flex-basis-100 align-self-lg-start align-self-md-start align-self-start\">\n                <!---->\n                <div data-colibri-id=\"1202-c30\" class=\"h-global-transition-all h-heading style-2185 style-local-1202-c30 position-relative h-element\">\n                  <!---->\n                  <div class=\"h-heading__outer style-2185 style-local-1202-c30\">\n                    <!---->\n                    <!---->\n                    <h1 class=\"\">Centro de Patolog\u00eda\n                      <br>Mamaria y Diagn\u00f3stico\n                      <br>Integral de la Mujer<\/h1>\n                  <\/div>\n                <\/div>\n              <\/div>\n            <\/div>\n          <\/div>\n        <\/div>\n      <\/div>\n    <\/div>\n  <\/div>\n  <div data-colibri-component=\"section\" data-colibri-id=\"1202-c2\" id=\"custom\" class=\"h-section h-section-global-spacing d-flex align-items-lg-center align-items-md-center align-items-center style-1326 style-local-1202-c2 position-relative\">\n    <!---->\n    <!---->\n    <div class=\"h-section-grid-container h-section-boxed-container\">\n      <!---->\n      <div data-colibri-id=\"1202-c3\" class=\"h-row-container gutters-row-lg-2 gutters-row-md-2 gutters-row-0 gutters-row-v-lg-2 gutters-row-v-md-2 gutters-row-v-2 style-1327 style-local-1202-c3 position-relative\">\n        <!---->\n        <div class=\"h-row justify-content-lg-center justify-content-md-center justify-content-center align-items-lg-stretch align-items-md-stretch align-items-stretch gutters-col-lg-2 gutters-col-md-2 gutters-col-0 gutters-col-v-lg-2 gutters-col-v-md-2 gutters-col-v-2\">\n          <!---->\n          <div class=\"h-column h-column-container d-flex h-col-lg-auto h-col-md-auto h-col-auto style-1328-outer style-local-1202-c4-outer\">\n            <div data-colibri-id=\"1202-c4\" class=\"d-flex h-flex-basis h-column__inner h-px-lg-2 h-px-md-2 h-px-2 v-inner-lg-2 v-inner-md-2 v-inner-2 style-1328 style-local-1202-c4 position-relative\">\n              <!---->\n              <!---->\n              <div class=\"w-100 h-y-container h-column__content h-column__v-align flex-basis-100 align-self-lg-start align-self-md-start align-self-start\">\n                <!---->\n                <div data-colibri-id=\"1202-c5\" class=\"h-text h-text-component style-1333 style-local-1202-c5 position-relative h-element\">\n                  <!---->\n                  <!---->\n                  <div class=\"\">\n                    <p>Est\u00e1 destinado a todas las mujeres, con el fin de realizar sus estudios ginecol\u00f3gicos y mamarios de la manera m\u00e1s pr\u00e1ctica e integral. El Centro de la Mujer est\u00e1 coordinado por la Dra. Marina Martori.<\/p>\n                    <p>Su objetivo principal es la detecci\u00f3n temprana de patolog\u00edas, prestando especial atenci\u00f3n a las de origen oncol\u00f3gico, ya que la detecci\u00f3n a tiempo, en la mayor\u00eda de los casos, marca una gran diferencia con respecto a tratamientos y\n                      eventual cura.<\/p>\n                    <p>Para lograr este objetivo, se pone al alcance de las pacientes, un sistema en el cual, podr\u00e1n obtener todos los turnos para sus estudios en una sola franja horaria, pudiendo aprovechar de esta forma, el d\u00eda de licencia que brinda el\n                      gobierno a las trabajadoras del estado, para que puedan realizarse los estudios de control anual.<\/p>\n                  <\/div>\n                <\/div>\n              <\/div>\n            <\/div>\n          <\/div>\n          <div class=\"h-column h-column-container d-flex h-col-lg-auto h-col-md-auto h-col-auto style-1329-outer style-local-1202-c6-outer\">\n            <div data-colibri-id=\"1202-c6\" class=\"d-flex h-flex-basis h-column__inner h-px-lg-2 h-px-md-2 h-px-2 v-inner-lg-2 v-inner-md-2 v-inner-2 style-1329 style-local-1202-c6 position-relative\">\n              <!---->\n              <!---->\n              <div class=\"w-100 h-y-container h-column__content h-column__v-align flex-basis-100 align-self-lg-start align-self-md-start align-self-start\">\n                <!---->\n                <div data-colibri-id=\"1202-c7\" class=\"h-text h-text-component style-1350 style-local-1202-c7 position-relative h-element\">\n                  <!---->\n                  <!---->\n                  <div class=\"\">\n                    <p>Contamos con profesionales que trabajan en forma interdisciplinaria, para poder brindar una mayor seguridad a las pacientes.<\/p>\n                    <p>Dentro del centro de la mujer, se encuentra el servicio de patolog\u00eda mamaria, para el cual disponemos de m\u00e9dicos especializados en la materia, tanto en la parte cl\u00ednica como en la de diagn\u00f3stico por im\u00e1genes e intervencionismo de la\n                      mama, sumado a equipamiento de alt\u00edsima tecnolog\u00eda, lo cual ayuda mucho a arribar a diagn\u00f3sticos m\u00e1s certeros y poder brindar el mejor servicio posible a nuestras pacientes.<\/p>\n                    <p>Nunca fue tan f\u00e1cil estar al d\u00eda con tus controles de rutina.<\/p>\n                    <p><strong style=\"font-weight: 900; font-size: 18px; font-family: Lato; color: rgb(143, 40, 111);\"><em>Record\u00e1 que los tumores de mama tratados a tiempo, son curables en m\u00e1s de un 90% de los casos.<\/em><\/strong><\/p>\n                    <p>Pod\u00e9s obtener tus turnos por los medios habilitados.<\/p>\n                  <\/div>\n                <\/div>\n              <\/div>\n            <\/div>\n          <\/div>\n        <\/div>\n      <\/div>\n    <\/div>\n  <\/div>\n  <div data-colibri-component=\"section\" data-colibri-id=\"1202-c8\" id=\"custom-2\" class=\"h-section h-section-global-spacing d-flex align-items-lg-center align-items-md-center align-items-center style-1354 style-local-1202-c8 position-relative\">\n    <!---->\n    <!---->\n    <div class=\"h-section-grid-container h-section-boxed-container\">\n      <!---->\n      <div data-colibri-id=\"1202-c9\" class=\"h-row-container gutters-row-lg-2 gutters-row-md-2 gutters-row-0 gutters-row-v-lg-2 gutters-row-v-md-2 gutters-row-v-2 style-1355 style-local-1202-c9 position-relative\">\n        <!---->\n        <div class=\"h-row justify-content-lg-center justify-content-md-center justify-content-center align-items-lg-stretch align-items-md-stretch align-items-stretch gutters-col-lg-2 gutters-col-md-2 gutters-col-0 gutters-col-v-lg-2 gutters-col-v-md-2 gutters-col-v-2\">\n          <!---->\n          <div class=\"h-column h-column-container d-flex h-col-lg-auto h-col-md-auto h-col-auto style-1356-outer style-local-1202-c10-outer\">\n            <div data-colibri-id=\"1202-c10\" class=\"d-flex h-flex-basis h-column__inner h-px-lg-2 h-px-md-2 h-px-2 v-inner-lg-2 v-inner-md-2 v-inner-2 style-1356 style-local-1202-c10 position-relative\">\n              <!---->\n              <!---->\n              <div class=\"w-100 h-y-container h-column__content h-column__v-align flex-basis-100 align-self-lg-start align-self-md-start align-self-start\">\n                <!---->\n                <div data-colibri-id=\"1202-c11\" class=\"h-global-transition-all h-heading style-1358 style-local-1202-c11 position-relative h-element\">\n                  <!---->\n                  <div class=\"h-heading__outer style-1358 style-local-1202-c11\">\n                    <!---->\n                    <!---->\n                    <h6 class=\"\">recordar<\/h6>\n                  <\/div>\n                <\/div>\n                <div data-colibri-id=\"1202-c12\" class=\"h-global-transition-all h-heading style-1357 style-local-1202-c12 position-relative h-element\">\n                  <!---->\n                  <div class=\"h-heading__outer style-1357 style-local-1202-c12\">\n                    <!---->\n                    <!---->\n                    <h4 class=\"\">La mejor manera de combatir el C\u00e1ncer de Mama es con PREVENCION:<\/h4>\n                  <\/div>\n                <\/div>\n              <\/div>\n            <\/div>\n          <\/div>\n        <\/div>\n      <\/div>\n      <div data-colibri-id=\"1202-c13\" class=\"h-row-container gutters-row-lg-2 gutters-row-md-2 gutters-row-0 gutters-row-v-lg-2 gutters-row-v-md-2 gutters-row-v-2 style-1359 style-local-1202-c13 position-relative\">\n        <!---->\n        <div class=\"h-row justify-content-lg-center justify-content-md-center justify-content-center align-items-lg-stretch align-items-md-stretch align-items-stretch gutters-col-lg-2 gutters-col-md-2 gutters-col-0 gutters-col-v-lg-2 gutters-col-v-md-2 gutters-col-v-2\">\n          <!---->\n          <div class=\"h-column h-column-container d-flex h-col-lg-4 h-col-md-4 h-col-12 style-1360-outer style-local-1202-c14-outer\">\n            <div data-colibri-id=\"1202-c14\" class=\"d-flex h-flex-basis h-column__inner h-px-lg-2 h-px-md-2 h-px-2 v-inner-lg-2 v-inner-md-2 v-inner-2 style-1360 style-local-1202-c14 position-relative\">\n              <!---->\n              <!---->\n              <div class=\"w-100 h-y-container h-column__content h-column__v-align flex-basis-100 align-self-lg-start align-self-md-start align-self-start\">\n                <!---->\n                <div data-colibri-id=\"1202-c15\" class=\"d-block style-1366 style-local-1202-c15 position-relative h-element\">\n                  <!---->\n                  <div class=\"h-image__frame-container-outer\">\n                    <div class=\"h-image__frame-container\">\n                      <!---->\n                      <!---->\n                      <img loading=\"lazy\" decoding=\"async\" width=\"256\" height=\"256\" src=\"https:\/\/www.cemep.com.ar\/clinica\/wp-content\/uploads\/2022\/10\/icon-cancer-examen.png\" class=\"wp-image-1226 style-1366-image style-local-1202-c15-image\" alt=\"\" srcset=\"https:\/\/www.cemep.com.ar\/clinica\/wp-content\/uploads\/2022\/10\/icon-cancer-examen.png 256w, https:\/\/www.cemep.com.ar\/clinica\/wp-content\/uploads\/2022\/10\/icon-cancer-examen-150x150.png 150w\" sizes=\"auto, (max-width: 256px) 100vw, 256px\" \/>\n                      <div class=\"h-image__frame h-hide-lg h-hide-md h-hide-sm style-1366-frameImage style-local-1202-c15-frameImage\"><\/div>\n                    <\/div>\n                  <\/div>\n                <\/div>\n                <div data-colibri-id=\"1202-c16\" class=\"h-text h-text-component style-1362 style-local-1202-c16 position-relative h-element\">\n                  <!---->\n                  <!---->\n                  <div class=\"\">\n                    <p>Realizando el autoexamen mamario<\/p>\n                  <\/div>\n                <\/div>\n              <\/div>\n            <\/div>\n          <\/div>\n          <div class=\"h-column h-column-container d-flex h-col-lg-4 h-col-md-4 h-col-12 style-1361-outer style-local-1202-c17-outer\">\n            <div data-colibri-id=\"1202-c17\" class=\"d-flex h-flex-basis h-column__inner h-px-lg-2 h-px-md-2 h-px-2 v-inner-lg-2 v-inner-md-2 v-inner-2 style-1361 style-local-1202-c17 position-relative\">\n              <!---->\n              <!---->\n              <div class=\"w-100 h-y-container h-column__content h-column__v-align flex-basis-100 align-self-lg-start align-self-md-start align-self-start\">\n                <!---->\n                <div data-colibri-id=\"1202-c18\" class=\"d-block style-1366 style-local-1202-c18 position-relative h-element\">\n                  <!---->\n                  <div class=\"h-image__frame-container-outer\">\n                    <div class=\"h-image__frame-container\">\n                      <!---->\n                      <!---->\n                      <img loading=\"lazy\" decoding=\"async\" width=\"256\" height=\"256\" src=\"https:\/\/www.cemep.com.ar\/clinica\/wp-content\/uploads\/2022\/10\/icon-cancer-consulta.png\" class=\"wp-image-1225 style-1366-image style-local-1202-c18-image\" alt=\"\" srcset=\"https:\/\/www.cemep.com.ar\/clinica\/wp-content\/uploads\/2022\/10\/icon-cancer-consulta.png 256w, https:\/\/www.cemep.com.ar\/clinica\/wp-content\/uploads\/2022\/10\/icon-cancer-consulta-150x150.png 150w\" sizes=\"auto, (max-width: 256px) 100vw, 256px\" \/>\n                      <div class=\"h-image__frame h-hide-lg h-hide-md h-hide-sm style-1366-frameImage style-local-1202-c18-frameImage\"><\/div>\n                    <\/div>\n                  <\/div>\n                <\/div>\n                <div data-colibri-id=\"1202-c19\" class=\"h-text h-text-component style-1362 style-local-1202-c19 position-relative h-element\">\n                  <!---->\n                  <!---->\n                  <div class=\"\">\n                    <p>Consultando al m\u00e9dico<\/p>\n                  <\/div>\n                <\/div>\n              <\/div>\n            <\/div>\n          <\/div>\n          <div class=\"h-column h-column-container d-flex h-col-lg-4 h-col-md-4 h-col-12 style-1361-outer style-local-1202-c20-outer\">\n            <div data-colibri-id=\"1202-c20\" class=\"d-flex h-flex-basis h-column__inner h-px-lg-2 h-px-md-2 h-px-2 v-inner-lg-2 v-inner-md-2 v-inner-2 style-1361 style-local-1202-c20 position-relative\">\n              <!---->\n              <!---->\n              <div class=\"w-100 h-y-container h-column__content h-column__v-align flex-basis-100 align-self-lg-start align-self-md-start align-self-start\">\n                <!---->\n                <div data-colibri-id=\"1202-c21\" class=\"d-block style-1366 style-local-1202-c21 position-relative h-element\">\n                  <!---->\n                  <div class=\"h-image__frame-container-outer\">\n                    <div class=\"h-image__frame-container\">\n                      <!---->\n                      <!---->\n                      <img loading=\"lazy\" decoding=\"async\" width=\"256\" height=\"256\" src=\"https:\/\/www.cemep.com.ar\/clinica\/wp-content\/uploads\/2022\/10\/icon-cancer-mamografia.png\" class=\"wp-image-1227 style-1366-image style-local-1202-c21-image\" alt=\"\" srcset=\"https:\/\/www.cemep.com.ar\/clinica\/wp-content\/uploads\/2022\/10\/icon-cancer-mamografia.png 256w, https:\/\/www.cemep.com.ar\/clinica\/wp-content\/uploads\/2022\/10\/icon-cancer-mamografia-150x150.png 150w\" sizes=\"auto, (max-width: 256px) 100vw, 256px\" \/>\n                      <div class=\"h-image__frame h-hide-lg h-hide-md h-hide-sm style-1366-frameImage style-local-1202-c21-frameImage\"><\/div>\n                    <\/div>\n                  <\/div>\n                <\/div>\n                <div data-colibri-id=\"1202-c22\" class=\"h-text h-text-component style-1362 style-local-1202-c22 position-relative h-element\">\n                  <!---->\n                  <!---->\n                  <div class=\"\">\n                    <p>Realizando una mamograf\u00eda anual a partir de los 40 a\u00f1os<\/p>\n                  <\/div>\n                <\/div>\n              <\/div>\n            <\/div>\n          <\/div>\n        <\/div>\n      <\/div>\n      <div data-colibri-id=\"1202-c23\" class=\"h-row-container gutters-row-lg-2 gutters-row-md-2 gutters-row-0 gutters-row-v-lg-2 gutters-row-v-md-2 gutters-row-v-2 style-1363 style-local-1202-c23 position-relative\">\n        <!---->\n        <div class=\"h-row justify-content-lg-center justify-content-md-center justify-content-center align-items-lg-stretch align-items-md-stretch align-items-stretch gutters-col-lg-2 gutters-col-md-2 gutters-col-0 gutters-col-v-lg-2 gutters-col-v-md-2 gutters-col-v-2\">\n          <!---->\n          <div class=\"h-column h-column-container d-flex h-col-lg-auto h-col-md-auto h-col-auto style-1364-outer style-local-1202-c24-outer\">\n            <div data-colibri-id=\"1202-c24\" class=\"d-flex h-flex-basis h-column__inner h-px-lg-2 h-px-md-2 h-px-2 v-inner-lg-2 v-inner-md-2 v-inner-2 style-1364 style-local-1202-c24 position-relative\">\n              <!---->\n              <!---->\n              <div class=\"w-100 h-y-container h-column__content h-column__v-align flex-basis-100 align-self-lg-start align-self-md-start align-self-start\">\n                <!---->\n                <div data-colibri-id=\"1202-c25\" class=\"h-text h-text-component style-1365 style-local-1202-c25 position-relative h-element\">\n                  <!---->\n                  <!---->\n                  <div class=\"\">\n                    <p>\u201cEl c\u00e1ncer de mama inicial es el curable\u201d<\/p>\n                  <\/div>\n                <\/div>\n              <\/div>\n            <\/div>\n          <\/div>\n        <\/div>\n      <\/div>\n    <\/div>\n  <\/div>\n<\/div>","protected":false},"excerpt":{"rendered":"<p>Centro de Patolog\u00eda Mamaria y Diagn\u00f3stico Integral de la Mujer Est\u00e1 destinado a todas las mujeres, con el fin de realizar sus estudios ginecol\u00f3gicos y mamarios de la manera m\u00e1s pr\u00e1ctica e integral. El Centro de la Mujer est\u00e1 coordinado por la Dra. Marina Martori. Su objetivo principal es la detecci\u00f3n temprana de patolog\u00edas, prestando [&hellip;]<\/p>\n","protected":false},"author":1,"featured_media":0,"parent":0,"menu_order":0,"comment_status":"closed","ping_status":"closed","template":"page-templates\/full-width-page.php","meta":{"footnotes":""},"class_list":["post-1202","page","type-page","status-publish","hentry"],"_links":{"self":[{"href":"https:\/\/www.cemep.com.ar\/clinica\/wp-json\/wp\/v2\/pages\/1202","targetHints":{"allow":["GET"]}}],"collection":[{"href":"https:\/\/www.cemep.com.ar\/clinica\/wp-json\/wp\/v2\/pages"}],"about":[{"href":"https:\/\/www.cemep.com.ar\/clinica\/wp-json\/wp\/v2\/types\/page"}],"author":[{"embeddable":true,"href":"https:\/\/www.cemep.com.ar\/clinica\/wp-json\/wp\/v2\/users\/1"}],"replies":[{"embeddable":true,"href":"https:\/\/www.cemep.com.ar\/clinica\/wp-json\/wp\/v2\/comments?post=1202"}],"version-history":[{"count":11,"href":"https:\/\/www.cemep.com.ar\/clinica\/wp-json\/wp\/v2\/pages\/1202\/revisions"}],"predecessor-version":[{"id":2943,"href":"https:\/\/www.cemep.com.ar\/clinica\/wp-json\/wp\/v2\/pages\/1202\/revisions\/2943"}],"wp:attachment":[{"href":"https:\/\/www.cemep.com.ar\/clinica\/wp-json\/wp\/v2\/media?parent=1202"}],"curies":[{"name":"wp","href":"https:\/\/api.w.org\/{rel}","templated":true}]}}